{"id":74,"date":"2019-01-09T10:21:13","date_gmt":"2019-01-09T10:21:13","guid":{"rendered":"https:\/\/www.das-schneidezimmer.de\/?page_id=74"},"modified":"2024-03-08T11:53:37","modified_gmt":"2024-03-08T11:53:37","slug":"preise","status":"publish","type":"page","link":"https:\/\/www.das-schneidezimmer.de\/?page_id=74","title":{"rendered":"Preise"},"content":{"rendered":"<p><strong>Damen Haare:<\/strong><\/p>\n<table border=\"0\" width=\"600\">\n<tbody>\n<tr>\n<td style=\"background-color: #f5bca8; width: 310px;\" width=\"310\">Service<\/td>\n<td style=\"background-color: #f5bca8; width: 159px;\" width=\"159\">kurz bis Schulter<\/td>\n<td style=\"background-color: #f5bca8; width: 117px;\" width=\"117\">langes Haar<\/td>\n<\/tr>\n<tr>\n<td>Waschen, pflegen, Schnitt, Styling<\/td>\n<td style=\"text-align: center;\">44,00 \u20ac<\/td>\n<td style=\"text-align: center;\">50,00 \u20ac<\/td>\n<\/tr>\n<tr>\n<td>Cut and Go<\/td>\n<td style=\"text-align: center;\" colspan=\"2\">32,00 \u20ac<\/td>\n<\/tr>\n<tr>\n<td>F\u00f6nfrisur<\/td>\n<td style=\"text-align: center;\">25,00 \u20ac<\/td>\n<td style=\"text-align: center;\">30,00 \u20ac<\/td>\n<\/tr>\n<tr>\n<td>Lockenwelle<\/td>\n<td style=\"text-align: center;\">22,00 \u20ac<\/td>\n<td style=\"text-align: center;\">30,00 \u20ac<\/td>\n<\/tr>\n<tr>\n<td>Haarentspannung<\/td>\n<td style=\"text-align: center;\" colspan=\"2\">ab 10,00 \u20ac<\/td>\n<\/tr>\n<\/tbody>\n<\/table>\n<p><strong>Damen Farbe:<\/strong><\/p>\n<table border=\"0\" width=\"600\">\n<tbody>\n<tr>\n<td style=\"background-color: #f5bca8; width: 310px;\" width=\"310\">Service<\/td>\n<td style=\"background-color: #f5bca8; width: 159px;\" width=\"159\">kurz bis Schulter<\/td>\n<td style=\"background-color: #f5bca8; width: 117px;\" width=\"117\">langes Haar<\/td>\n<\/tr>\n<tr>\n<td>T\u00f6nung<\/td>\n<td style=\"text-align: center;\">30,00 \u20ac<\/td>\n<td style=\"text-align: center;\">40,00 \u20ac<\/td>\n<\/tr>\n<tr>\n<td>Coloration<\/td>\n<td style=\"text-align: center;\" colspan=\"2\">ab 40,00 \u20ac<\/td>\n<\/tr>\n<tr>\n<td>Folienstr\u00e4hnen (je Str\u00e4hnenp\u00e4ckchen)<\/td>\n<td style=\"text-align: center;\">1,50 \u20ac<\/td>\n<td style=\"text-align: center;\">2,00 \u20ac<\/td>\n<\/tr>\n<tr>\n<td>Farbakzente<\/td>\n<td style=\"text-align: center;\">22,00 \u20ac<\/td>\n<td style=\"text-align: center;\">30,00 \u20ac<\/td>\n<\/tr>\n<tr>\n<td>Haarentspannung<\/td>\n<td style=\"text-align: center;\">25,00 \u20ac<\/td>\n<td style=\"text-align: center;\">30,00 \u20ac<\/td>\n<\/tr>\n<\/tbody>\n<\/table>\n<p><strong>Kosmetik:<\/strong><\/p>\n<table border=\"0\" width=\"600\">\n<tbody>\n<tr>\n<td style=\"background-color: #f5bca8; width: 310px;\" width=\"310\">Service<\/td>\n<td style=\"background-color: #f5bca8; width: 159px;\" colspan=\"2\" width=\"159\"><\/td>\n<\/tr>\n<tr>\n<td>Augenbrauen zupfen<\/td>\n<td style=\"text-align: center;\" colspan=\"2\">8,00 \u20ac<\/td>\n<\/tr>\n<tr>\n<td>Augenbrauen f\u00e4rben<\/td>\n<td style=\"text-align: center;\" colspan=\"2\">8,00 \u20ac<\/td>\n<\/tr>\n<tr>\n<td>Wimpern f\u00e4rben<\/td>\n<td style=\"text-align: center;\" colspan=\"2\">10,00 \u20ac<\/td>\n<\/tr>\n<\/tbody>\n<\/table>\n<p><strong>Herren \/ Kinder:<\/strong><\/p>\n<table border=\"0\" width=\"600\">\n<tbody>\n<tr>\n<td style=\"background-color: #f5bca8; width: 310px;\" width=\"310\">Service<\/td>\n<td style=\"background-color: #f5bca8; width: 280px;\" width=\"280\"><\/td>\n<\/tr>\n<tr>\n<td>Waschen, Schnitt, Styling<\/td>\n<td style=\"text-align: center;\">25,00 \u20ac<\/td>\n<\/tr>\n<tr>\n<td>Trockenschnitt<\/td>\n<td style=\"text-align: center;\">22,00 \u20ac<\/td>\n<\/tr>\n<tr>\n<td>Maschinenschnitt<\/td>\n<td style=\"text-align: center;\">16,00 \u20ac<\/td>\n<\/tr>\n<tr>\n<td>Kinder bis 3 Jahre<\/td>\n<td style=\"text-align: center;\">10,00 \u20ac<\/td>\n<\/tr>\n<tr>\n<td>Kinder 4-12 Jahre<\/td>\n<td style=\"text-align: center;\">15,00 \u20ac<\/td>\n<\/tr>\n<\/tbody>\n<\/table>\n<p>Dies ist ein kleiner Auszug unserer Preisliste.<br \/>\nWir berechnen nach Arbeitsaufwand und Materialeinsatz.<\/p>\n","protected":false},"excerpt":{"rendered":"<p>Damen Haare: Service kurz bis Schulter langes Haar Waschen, pflegen, Schnitt, Styling 44,00 \u20ac 50,00 \u20ac Cut and Go 32,00 \u20ac F\u00f6nfrisur 25,00 \u20ac 30,00 \u20ac Lockenwelle 22,00 \u20ac 30,00 \u20ac Haarentspannung ab 10,00 \u20ac Damen Farbe: Service kurz bis Schulter langes Haar T\u00f6nung 30,00 \u20ac 40,00 \u20ac Coloration ab&#8230; <a class=\"continue-reading-link\" href=\"https:\/\/www.das-schneidezimmer.de\/?page_id=74\">Continue reading<\/a><\/p>\n","protected":false},"author":2,"featured_media":0,"parent":0,"menu_order":0,"comment_status":"closed","ping_status":"closed","template":"","meta":{"footnotes":""},"class_list":["post-74","page","type-page","status-publish","hentry"],"_links":{"self":[{"href":"https:\/\/www.das-schneidezimmer.de\/index.php?rest_route=\/wp\/v2\/pages\/74","targetHints":{"allow":["GET"]}}],"collection":[{"href":"https:\/\/www.das-schneidezimmer.de\/index.php?rest_route=\/wp\/v2\/pages"}],"about":[{"href":"https:\/\/www.das-schneidezimmer.de\/index.php?rest_route=\/wp\/v2\/types\/page"}],"author":[{"embeddable":true,"href":"https:\/\/www.das-schneidezimmer.de\/index.php?rest_route=\/wp\/v2\/users\/2"}],"replies":[{"embeddable":true,"href":"https:\/\/www.das-schneidezimmer.de\/index.php?rest_route=%2Fwp%2Fv2%2Fcomments&post=74"}],"version-history":[{"count":27,"href":"https:\/\/www.das-schneidezimmer.de\/index.php?rest_route=\/wp\/v2\/pages\/74\/revisions"}],"predecessor-version":[{"id":210,"href":"https:\/\/www.das-schneidezimmer.de\/index.php?rest_route=\/wp\/v2\/pages\/74\/revisions\/210"}],"wp:attachment":[{"href":"https:\/\/www.das-schneidezimmer.de\/index.php?rest_route=%2Fwp%2Fv2%2Fmedia&parent=74"}],"curies":[{"name":"wp","href":"https:\/\/api.w.org\/{rel}","templated":true}]}}