{"id":37,"date":"2019-01-08T10:58:22","date_gmt":"2019-01-08T10:58:22","guid":{"rendered":"https:\/\/www.das-schneidezimmer.de\/?page_id=37"},"modified":"2024-12-13T11:10:07","modified_gmt":"2024-12-13T11:10:07","slug":"angebote","status":"publish","type":"page","link":"https:\/\/www.das-schneidezimmer.de\/","title":{"rendered":"Konzept"},"content":{"rendered":"\r\n<p>Haarschnitte sind mehr als eine Modeerscheinung, sie sind ein Lebensgef\u00fchl!<\/p>\r\n\r\n\r\n\r\n<h4>Willkommen im Friseursalon &#8222;Das Schneidezimmer&#8220;!<\/h4>\r\n\r\n\r\n\r\n<ul>\r\n<li>Wir gestalten dir einen ganz besonderen Friseurbesuch<\/li>\r\n<li>Das Schneidezimmer arbeitet mit Liebe zum Detail<\/li>\r\n<li>Nimm dir eine Auszeit und genie\u00dfe die Atmosph\u00e4re des Salons<\/li>\r\n<li>Entspannung wird bei uns gro\u00dfgeschrieben<\/li>\r\n<li>Erlebe den Service und lass dich nach kompetenter Beratung von uns versch\u00f6nern<\/li>\r\n<\/ul>\r\n<p>Nach neuesten Trends und Techniken wird der Haarschnitt nass oder trocken in Form gebracht und zu deinem Anlass gestylt.<br \/>Erlebe, wie Qualit\u00e4t und Salondesign fusionieren.<\/p>\r\n","protected":false},"excerpt":{"rendered":"<p>Haarschnitte sind mehr als eine Modeerscheinung, sie sind ein Lebensgef\u00fchl! Willkommen im Friseursalon &#8222;Das Schneidezimmer&#8220;! Wir gestalten dir einen ganz besonderen Friseurbesuch Das Schneidezimmer arbeitet mit Liebe zum Detail Nimm dir eine Auszeit und genie\u00dfe die Atmosph\u00e4re des Salons Entspannung wird bei uns gro\u00dfgeschrieben Erlebe den Service und lass dich&#8230; <a class=\"continue-reading-link\" href=\"https:\/\/www.das-schneidezimmer.de\/\">Continue reading<\/a><\/p>\n","protected":false},"author":2,"featured_media":0,"parent":0,"menu_order":0,"comment_status":"closed","ping_status":"closed","template":"","meta":{"footnotes":""},"class_list":["post-37","page","type-page","status-publish","hentry"],"_links":{"self":[{"href":"https:\/\/www.das-schneidezimmer.de\/index.php?rest_route=\/wp\/v2\/pages\/37","targetHints":{"allow":["GET"]}}],"collection":[{"href":"https:\/\/www.das-schneidezimmer.de\/index.php?rest_route=\/wp\/v2\/pages"}],"about":[{"href":"https:\/\/www.das-schneidezimmer.de\/index.php?rest_route=\/wp\/v2\/types\/page"}],"author":[{"embeddable":true,"href":"https:\/\/www.das-schneidezimmer.de\/index.php?rest_route=\/wp\/v2\/users\/2"}],"replies":[{"embeddable":true,"href":"https:\/\/www.das-schneidezimmer.de\/index.php?rest_route=%2Fwp%2Fv2%2Fcomments&post=37"}],"version-history":[{"count":6,"href":"https:\/\/www.das-schneidezimmer.de\/index.php?rest_route=\/wp\/v2\/pages\/37\/revisions"}],"predecessor-version":[{"id":223,"href":"https:\/\/www.das-schneidezimmer.de\/index.php?rest_route=\/wp\/v2\/pages\/37\/revisions\/223"}],"wp:attachment":[{"href":"https:\/\/www.das-schneidezimmer.de\/index.php?rest_route=%2Fwp%2Fv2%2Fmedia&parent=37"}],"curies":[{"name":"wp","href":"https:\/\/api.w.org\/{rel}","templated":true}]}}